{"id":808,"date":"2024-04-30T13:38:05","date_gmt":"2024-04-30T11:38:05","guid":{"rendered":"https:\/\/www.son-x.de\/home\/"},"modified":"2025-03-17T16:50:15","modified_gmt":"2025-03-17T15:50:15","slug":"home","status":"publish","type":"page","link":"https:\/\/www.son-x.de\/de\/","title":{"rendered":"Home"},"content":{"rendered":"<div class=\"wpb-content-wrapper\"><p>[vc_row css_animation=&#8220;&#8220; row_type=&#8220;row&#8220; use_row_as_full_screen_section=&#8220;no&#8220; type=&#8220;grid&#8220; angled_section=&#8220;no&#8220; text_align=&#8220;left&#8220; background_image_as_pattern=&#8220;without_pattern&#8220; z_index=&#8220;&#8220; el_class=&#8220;padding-bottom-100&#8243; anchor=&#8220;precisionoptics&#8220;][vc_column][vc_column_text css=&#8220;&#8220; el_class=&#8220;white padding-top-100 padding-bottom-200 show-under-600&#8243;]<\/p>\n<h1><strong>Ultra Precision<br \/>\n<\/strong>is our passion.<\/h1>\n<p>[\/vc_column_text][vc_separator type=&#8220;small&#8220; position=&#8220;left&#8220; color=&#8220;#ffcd00&#8243; thickness=&#8220;1&#8243; width=&#8220;171&#8243;][vc_column_text]<\/p>\n<h1><strong>Pr\u00e4zisionsoptiken<\/strong><\/h1>\n<p>[\/vc_column_text][vc_row_inner row_type=&#8220;row&#8220; type=&#8220;full_width&#8220; text_align=&#8220;left&#8220; css_animation=&#8220;&#8220;][vc_column_inner width=&#8220;1\/2&#8243;][vc_column_text css=&#8220;&#8220; el_class=&#8220;padding-bottom-50&#8243;]Die Technologie und die Herstellung ultrahochpr\u00e4ziser Optiken ist unsere Leidenschaft. Wir produzieren ma\u00dfgeschneiderte optische Komponenten und Systeme. Wir sind spezialisiert auf hochwertige Metallspiegel f\u00fcr die Raumfahrt und Halbleiterindustrie, sowie andere industrielle und wissenschaftliche Anwendungen. Dar\u00fcber hinaus produzieren wir optische Formeins\u00e4tze, und Kunststoff- und Infrarotoptiken in kleinen und gro\u00dfen St\u00fcckzahlen.[\/vc_column_text]<a  itemprop=\"url\" href=\"\/precisionoptics\/\" target=\"_self\"  class=\"qbutton  default hide-under-768\" style=\"\">mehr erfahren<\/a>[\/vc_column_inner][vc_column_inner el_class=&#8220;padding-top-50&#8243; width=&#8220;1\/2&#8243; offset=&#8220;vc_col-md-offset-1 vc_col-md-5&#8243;]<div class=\"qode-animation-holder element_from_fade\"><div class=\"qode-animation-holder-inner\"  style=\"-webkit-animation-delay:0.5s; animation-delay:0.5s; -webkit-transition-delay:0.5s; transition-delay:0.5s\"><div class=\"q_icon_list\"><i class=\"qode_icon_font_awesome fa fa-arrow-right qode-ili-icon-holder transparent\" style=\"font-size: 30px;color: #ffcd00;\" ><\/i><p style=\"color:#ffcd00;font-size: 35px;margin-bottom: 20px;\">Spiegel<\/p><\/div><\/div><\/div><div class=\"qode-animation-holder element_from_fade\"><div class=\"qode-animation-holder-inner\"  style=\"-webkit-animation-delay:0.7s; animation-delay:0.7s; -webkit-transition-delay:0.7s; transition-delay:0.7s\"><div class=\"q_icon_list\"><i class=\"qode_icon_font_awesome fa fa-arrow-right qode-ili-icon-holder transparent\" style=\"font-size: 30px;color: #ffcd00;\" ><\/i><p style=\"color:#ffcd00;font-size: 35px;margin-bottom: 20px;\">Werkzeugeins\u00e4tze<\/p><\/div><\/div><\/div><div class=\"qode-animation-holder element_from_fade\"><div class=\"qode-animation-holder-inner\"  style=\"-webkit-animation-delay:0.9s; animation-delay:0.9s; -webkit-transition-delay:0.9s; transition-delay:0.9s\"><div class=\"q_icon_list\"><i class=\"qode_icon_font_awesome fa fa-arrow-right qode-ili-icon-holder transparent\" style=\"font-size: 30px;color: #ffcd00;\" ><\/i><p style=\"color:#ffcd00;font-size: 35px;margin-bottom: 20px;\">Kunststofflinsen<\/p><\/div><\/div><\/div><div class=\"qode-animation-holder element_from_fade\"><div class=\"qode-animation-holder-inner\"  style=\"-webkit-animation-delay:0.9s; animation-delay:0.9s; -webkit-transition-delay:0.9s; transition-delay:0.9s\"><div class=\"q_icon_list\"><i class=\"qode_icon_font_awesome fa fa-arrow-right qode-ili-icon-holder transparent\" style=\"font-size: 30px;color: #ffcd00;\" ><\/i><p style=\"color:#ffcd00;font-size: 35px;margin-bottom: 20px;\">IR Linsen<\/p><\/div><\/div><\/div><div class=\"qode-animation-holder element_from_fade\"><div class=\"qode-animation-holder-inner\"  style=\"-webkit-animation-delay:0.9s; animation-delay:0.9s; -webkit-transition-delay:0.9s; transition-delay:0.9s\"><div class=\"q_icon_list\"><i class=\"qode_icon_font_awesome fa fa-arrow-right qode-ili-icon-holder transparent\" style=\"font-size: 30px;color: #ffcd00;\" ><\/i><p style=\"color:#ffcd00;font-size: 35px;margin-bottom: 20px;\">Optics Engineering<\/p><\/div><\/div><\/div><a  itemprop=\"url\" href=\"\/precisionoptics\/\" target=\"_self\"  class=\"qbutton  default show-under-768 margin-top-50\" style=\"\">mehr erfahren<\/a>[\/vc_column_inner][\/vc_row_inner][\/vc_column][\/vc_row][vc_row css_animation=&#8220;&#8220; row_type=&#8220;row&#8220; use_row_as_full_screen_section=&#8220;no&#8220; type=&#8220;grid&#8220; angled_section=&#8220;no&#8220; text_align=&#8220;left&#8220; background_image_as_pattern=&#8220;without_pattern&#8220; z_index=&#8220;&#8220; el_class=&#8220;padding-top-50 padding-bottom-100&#8243; anchor=&#8220;systems&#8220;][vc_column][vc_separator type=&#8220;small&#8220; position=&#8220;left&#8220; color=&#8220;#ffcd00&#8243; thickness=&#8220;1&#8243; width=&#8220;171&#8243;][vc_column_text]<\/p>\n<h1><strong>Systeme<\/strong><\/h1>\n<p>[\/vc_column_text][vc_row_inner row_type=&#8220;row&#8220; type=&#8220;full_width&#8220; text_align=&#8220;left&#8220; css_animation=&#8220;&#8220;][vc_column_inner width=&#8220;1\/2&#8243;][vc_column_text el_class=&#8220;padding-bottom-50&#8243;]son-x ist ein f\u00fchrender Anbieter von Ultraschall-Werkzeugsystemen wie z.B. dem UTS2. Wir bieten eine Technologie, die die direkte Ultrapr\u00e4zisionsbearbeitung von Stahl in einer einzigartigen Qualit\u00e4t mit einer Oberfl\u00e4chenrauheit von Ra 1\u20135 nm und einer Formgenauigkeit von 100 nm PV erm\u00f6glicht. Dar\u00fcber hinaus entwickeln wir verschiedene Ultraschallsystemen, die auf Ihre spezifischen Anforderungen zugeschnitten sind.[\/vc_column_text]<a  itemprop=\"url\" href=\"https:\/\/son-x.de\/systems\/\" target=\"_self\"  class=\"qbutton  default hide-under-768\" style=\"\">mehr erfahren<\/a>[\/vc_column_inner][vc_column_inner el_class=&#8220;padding-top-50&#8243; width=&#8220;1\/2&#8243; offset=&#8220;vc_col-md-offset-1 vc_col-md-5&#8243;]<div class=\"qode-animation-holder element_from_fade\"><div class=\"qode-animation-holder-inner\"  style=\"-webkit-animation-delay:0.3s; animation-delay:0.3s; -webkit-transition-delay:0.3s; transition-delay:0.3s\"><div class=\"q_icon_list\"><i class=\"qode_icon_font_awesome fa fa-arrow-right qode-ili-icon-holder transparent\" style=\"font-size: 30px;color: #ffcd00;\" ><\/i><p style=\"color:#ffcd00;font-size: 35px;margin-bottom: 20px;\">UTS 2<\/p><\/div><\/div><\/div><div class=\"qode-animation-holder element_from_fade\"><div class=\"qode-animation-holder-inner\"  style=\"-webkit-animation-delay:0.5s; animation-delay:0.5s; -webkit-transition-delay:0.5s; transition-delay:0.5s\"><div class=\"q_icon_list\"><i class=\"qode_icon_font_awesome fa fa-arrow-right qode-ili-icon-holder transparent\" style=\"font-size: 30px;color: #ffcd00;\" ><\/i><p style=\"color:#ffcd00;font-size: 35px;margin-bottom: 20px;\">Spindel System<\/p><\/div><\/div><\/div><div class=\"qode-animation-holder element_from_fade\"><div class=\"qode-animation-holder-inner\"  style=\"-webkit-animation-delay:0.5s; animation-delay:0.5s; -webkit-transition-delay:0.5s; transition-delay:0.5s\"><div class=\"q_icon_list\"><i class=\"qode_icon_font_awesome fa fa-arrow-right qode-ili-icon-holder transparent\" style=\"font-size: 30px;color: #ffcd00;\" ><\/i><p style=\"color:#ffcd00;font-size: 35px;margin-bottom: 20px;\">Systems Engineering<\/p><\/div><\/div><\/div><a  itemprop=\"url\" href=\"https:\/\/son-x.de\/systems\/\" target=\"_self\"  class=\"qbutton  default show-under-768 margin-top-50\" style=\"\">mehr erfahren<\/a>[\/vc_column_inner][\/vc_row_inner][\/vc_column][\/vc_row][vc_row row_type=&#8220;parallax&#8220; parallax_content_width=&#8220;in_grid&#8220; text_align=&#8220;left&#8220; full_screen_section_height=&#8220;no&#8220; background_image=&#8220;38&#8243; parallax_speed=&#8220;1&#8243; section_height=&#8220;900&#8243; anchor=&#8220;company&#8220; el_class=&#8220;margin-top-100&#8243;][vc_column][vc_row_inner row_type=&#8220;row&#8220; type=&#8220;grid&#8220; text_align=&#8220;left&#8220; css_animation=&#8220;element_from_fade&#8220; transition_delay=&#8220;1000&#8243;][vc_column_inner el_class=&#8220;padding-bottom-200&#8243; width=&#8220;2\/3&#8243; offset=&#8220;vc_col-xs-12&#8243;][vc_separator type=&#8220;small&#8220; position=&#8220;left&#8220; color=&#8220;#ffcd00&#8243; thickness=&#8220;1&#8243; width=&#8220;171&#8243;][vc_column_text]<\/p>\n<h1><strong>Unternehmen<\/strong><\/h1>\n<p>[\/vc_column_text][vc_column_text css=&#8220;&#8220; el_class=&#8220;padding-bottom-50&#8243;]<br \/>\nson-x ist ein dynamisches High-Tech-Unternehmen mit Hauptsitz in Aachen, Deutschland. Das Unternehmen wurde im Jahr 2011 als Spin-off vom Fraunhofer Institut gegr\u00fcndet. Kern der Gr\u00fcndung war die Kommerzialisierung des ultraschallunterst\u00fctzten Diamantdrehverfahrens. Diese einzigartige Technologie wurde erfolgreich in industriellen Umgebungen auf der ganzen Welt eingef\u00fchrt und hat von Anfang an neue Standards in der Optikproduktion gesetzt. Geleitet von unserem Ziel unsere Produkte und Dienstleistungen kontinuierlich zu verbessern, bieten wir mittlerweile mehrere Systeme an, die auf Ultraschalltechnologie basieren.<\/p>\n<p>Seit 2013 haben wir eine hochmoderne Produktionsumgebung f\u00fcr Ultrapr\u00e4zisionsoptiken aufgebaut, die basierend auf den Anforderungen unserer Kunden kontinuierlich w\u00e4chst. Neben der Systemfertigung ist die Fertigung von Pr\u00e4zisionsoptiken das zweite Gesch\u00e4ftsfeld von son-x. Unsere Vision ist es, Ingenieurskompetenzen auf h\u00f6chstem Niveau zu b\u00fcndeln, um die Qualit\u00e4t der Optiken und ihrem Fertigungsprozess kontinuierlich zu verbessern.<br \/>\n[\/vc_column_text]<a  itemprop=\"url\" href=\"https:\/\/son-x.de\/company\/\" target=\"_self\"  class=\"qbutton  default\" style=\"margin: 0px 0px 300px 0px; \">mehr erfahren<\/a>[\/vc_column_inner][\/vc_row_inner][\/vc_column][\/vc_row]<\/p>\n<\/div>","protected":false},"excerpt":{"rendered":"<p>[vc_row css_animation=&#8220;&#8220; row_type=&#8220;row&#8220; use_row_as_full_screen_section=&#8220;no&#8220; type=&#8220;grid&#8220; angled_section=&#8220;no&#8220; text_align=&#8220;left&#8220; background_image_as_pattern=&#8220;without_pattern&#8220; z_index=&#8220;&#8220; el_class=&#8220;padding-bottom-100&#8243; anchor=&#8220;precisionoptics&#8220;][vc_column][vc_column_text css=&#8220;&#8220; el_class=&#8220;white padding-top-100 padding-bottom-200 show-under-600&#8243;] Ultra Precision is our passion. [\/vc_column_text][vc_separator type=&#8220;small&#8220; position=&#8220;left&#8220; color=&#8220;#ffcd00&#8243; thickness=&#8220;1&#8243; width=&#8220;171&#8243;][vc_column_text] Pr\u00e4zisionsoptiken [\/vc_column_text][vc_row_inner row_type=&#8220;row&#8220; type=&#8220;full_width&#8220; text_align=&#8220;left&#8220; css_animation=&#8220;&#8220;][vc_column_inner width=&#8220;1\/2&#8243;][vc_column_text css=&#8220;&#8220; el_class=&#8220;padding-bottom-50&#8243;]Die Technologie und die Herstellung ultrahochpr\u00e4ziser Optiken ist unsere Leidenschaft&#8230;.<\/p>\n","protected":false},"author":2,"featured_media":776,"parent":0,"menu_order":0,"comment_status":"closed","ping_status":"closed","template":"full_width.php","meta":{"footnotes":""},"class_list":["post-808","page","type-page","status-publish","has-post-thumbnail","hentry"],"yoast_head":"<!-- This site is optimized with the Yoast SEO plugin v24.9 - https:\/\/yoast.com\/wordpress\/plugins\/seo\/ -->\n<title>Home - son-x<\/title>\n<meta name=\"description\" content=\"Hochpr\u00e4zise Fertigung hochpr\u00e4ziser Optik Bauteile. Ultrapr\u00e4zises Ultraschalldrehen, made in Germany.\" \/>\n<meta name=\"robots\" content=\"index, follow, max-snippet:-1, max-image-preview:large, max-video-preview:-1\" \/>\n<link rel=\"canonical\" href=\"https:\/\/www.son-x.de\/\" \/>\n<meta property=\"og:locale\" content=\"de_DE\" \/>\n<meta property=\"og:type\" content=\"article\" \/>\n<meta property=\"og:title\" content=\"Home - son-x\" \/>\n<meta property=\"og:description\" content=\"Hochpr\u00e4zise Fertigung hochpr\u00e4ziser Optik Bauteile. Ultrapr\u00e4zises Ultraschalldrehen, made in Germany.\" \/>\n<meta property=\"og:url\" content=\"https:\/\/www.son-x.de\/\" \/>\n<meta property=\"og:site_name\" content=\"son-x\" \/>\n<meta property=\"article:modified_time\" content=\"2025-03-17T15:50:15+00:00\" \/>\n<meta property=\"og:image\" content=\"https:\/\/www.son-x.de\/wp-content\/uploads\/2021\/04\/ls-slider-8-slide-2-1.jpg\" \/>\n\t<meta property=\"og:image:width\" content=\"1400\" \/>\n\t<meta property=\"og:image:height\" content=\"700\" \/>\n\t<meta property=\"og:image:type\" content=\"image\/jpeg\" \/>\n<meta name=\"twitter:card\" content=\"summary_large_image\" \/>\n<meta name=\"twitter:label1\" content=\"Gesch\u00e4tzte Lesezeit\" \/>\n\t<meta name=\"twitter:data1\" content=\"3\u00a0Minuten\" \/>\n<script type=\"application\/ld+json\" class=\"yoast-schema-graph\">{\"@context\":\"https:\/\/schema.org\",\"@graph\":[{\"@type\":\"WebPage\",\"@id\":\"https:\/\/www.son-x.de\/\",\"url\":\"https:\/\/www.son-x.de\/\",\"name\":\"Home - son-x\",\"isPartOf\":{\"@id\":\"https:\/\/www.son-x.de\/#website\"},\"primaryImageOfPage\":{\"@id\":\"https:\/\/www.son-x.de\/#primaryimage\"},\"image\":{\"@id\":\"https:\/\/www.son-x.de\/#primaryimage\"},\"thumbnailUrl\":\"https:\/\/www.son-x.de\/wp-content\/uploads\/2021\/04\/ls-slider-8-slide-2-1.jpg\",\"datePublished\":\"2024-04-30T11:38:05+00:00\",\"dateModified\":\"2025-03-17T15:50:15+00:00\",\"description\":\"Hochpr\u00e4zise Fertigung hochpr\u00e4ziser Optik Bauteile. Ultrapr\u00e4zises Ultraschalldrehen, made in Germany.\",\"breadcrumb\":{\"@id\":\"https:\/\/www.son-x.de\/#breadcrumb\"},\"inLanguage\":\"de\",\"potentialAction\":[{\"@type\":\"ReadAction\",\"target\":[\"https:\/\/www.son-x.de\/\"]}]},{\"@type\":\"ImageObject\",\"inLanguage\":\"de\",\"@id\":\"https:\/\/www.son-x.de\/#primaryimage\",\"url\":\"https:\/\/www.son-x.de\/wp-content\/uploads\/2021\/04\/ls-slider-8-slide-2-1.jpg\",\"contentUrl\":\"https:\/\/www.son-x.de\/wp-content\/uploads\/2021\/04\/ls-slider-8-slide-2-1.jpg\",\"width\":1400,\"height\":700,\"caption\":\"son-x headqaurtes\"},{\"@type\":\"BreadcrumbList\",\"@id\":\"https:\/\/www.son-x.de\/#breadcrumb\",\"itemListElement\":[{\"@type\":\"ListItem\",\"position\":1,\"name\":\"Home\",\"item\":\"https:\/\/www.son-x.de\/\"},{\"@type\":\"ListItem\",\"position\":2,\"name\":\"Home\"}]},{\"@type\":\"WebSite\",\"@id\":\"https:\/\/www.son-x.de\/#website\",\"url\":\"https:\/\/www.son-x.de\/\",\"name\":\"son-x\",\"description\":\"ultra precision machining\",\"publisher\":{\"@id\":\"https:\/\/www.son-x.de\/#organization\"},\"potentialAction\":[{\"@type\":\"SearchAction\",\"target\":{\"@type\":\"EntryPoint\",\"urlTemplate\":\"https:\/\/www.son-x.de\/?s={search_term_string}\"},\"query-input\":{\"@type\":\"PropertyValueSpecification\",\"valueRequired\":true,\"valueName\":\"search_term_string\"}}],\"inLanguage\":\"de\"},{\"@type\":\"Organization\",\"@id\":\"https:\/\/www.son-x.de\/#organization\",\"name\":\"SON-X GMBH\",\"url\":\"https:\/\/www.son-x.de\/\",\"logo\":{\"@type\":\"ImageObject\",\"inLanguage\":\"de\",\"@id\":\"https:\/\/www.son-x.de\/#\/schema\/logo\/image\/\",\"url\":\"https:\/\/www.son-x.de\/wp-content\/uploads\/2024\/03\/son-x_logo-90.png\",\"contentUrl\":\"https:\/\/www.son-x.de\/wp-content\/uploads\/2024\/03\/son-x_logo-90.png\",\"width\":204,\"height\":90,\"caption\":\"SON-X GMBH\"},\"image\":{\"@id\":\"https:\/\/www.son-x.de\/#\/schema\/logo\/image\/\"},\"sameAs\":[\"https:\/\/www.linkedin.com\/company\/son-x\/\"]}]}<\/script>\n<!-- \/ Yoast SEO plugin. -->","yoast_head_json":{"title":"Home - son-x","description":"Hochpr\u00e4zise Fertigung hochpr\u00e4ziser Optik Bauteile. Ultrapr\u00e4zises Ultraschalldrehen, made in Germany.","robots":{"index":"index","follow":"follow","max-snippet":"max-snippet:-1","max-image-preview":"max-image-preview:large","max-video-preview":"max-video-preview:-1"},"canonical":"https:\/\/www.son-x.de\/","og_locale":"de_DE","og_type":"article","og_title":"Home - son-x","og_description":"Hochpr\u00e4zise Fertigung hochpr\u00e4ziser Optik Bauteile. Ultrapr\u00e4zises Ultraschalldrehen, made in Germany.","og_url":"https:\/\/www.son-x.de\/","og_site_name":"son-x","article_modified_time":"2025-03-17T15:50:15+00:00","og_image":[{"width":1400,"height":700,"url":"https:\/\/www.son-x.de\/wp-content\/uploads\/2021\/04\/ls-slider-8-slide-2-1.jpg","type":"image\/jpeg"}],"twitter_card":"summary_large_image","twitter_misc":{"Gesch\u00e4tzte Lesezeit":"3\u00a0Minuten"},"schema":{"@context":"https:\/\/schema.org","@graph":[{"@type":"WebPage","@id":"https:\/\/www.son-x.de\/","url":"https:\/\/www.son-x.de\/","name":"Home - son-x","isPartOf":{"@id":"https:\/\/www.son-x.de\/#website"},"primaryImageOfPage":{"@id":"https:\/\/www.son-x.de\/#primaryimage"},"image":{"@id":"https:\/\/www.son-x.de\/#primaryimage"},"thumbnailUrl":"https:\/\/www.son-x.de\/wp-content\/uploads\/2021\/04\/ls-slider-8-slide-2-1.jpg","datePublished":"2024-04-30T11:38:05+00:00","dateModified":"2025-03-17T15:50:15+00:00","description":"Hochpr\u00e4zise Fertigung hochpr\u00e4ziser Optik Bauteile. Ultrapr\u00e4zises Ultraschalldrehen, made in Germany.","breadcrumb":{"@id":"https:\/\/www.son-x.de\/#breadcrumb"},"inLanguage":"de","potentialAction":[{"@type":"ReadAction","target":["https:\/\/www.son-x.de\/"]}]},{"@type":"ImageObject","inLanguage":"de","@id":"https:\/\/www.son-x.de\/#primaryimage","url":"https:\/\/www.son-x.de\/wp-content\/uploads\/2021\/04\/ls-slider-8-slide-2-1.jpg","contentUrl":"https:\/\/www.son-x.de\/wp-content\/uploads\/2021\/04\/ls-slider-8-slide-2-1.jpg","width":1400,"height":700,"caption":"son-x headqaurtes"},{"@type":"BreadcrumbList","@id":"https:\/\/www.son-x.de\/#breadcrumb","itemListElement":[{"@type":"ListItem","position":1,"name":"Home","item":"https:\/\/www.son-x.de\/"},{"@type":"ListItem","position":2,"name":"Home"}]},{"@type":"WebSite","@id":"https:\/\/www.son-x.de\/#website","url":"https:\/\/www.son-x.de\/","name":"son-x","description":"ultra precision machining","publisher":{"@id":"https:\/\/www.son-x.de\/#organization"},"potentialAction":[{"@type":"SearchAction","target":{"@type":"EntryPoint","urlTemplate":"https:\/\/www.son-x.de\/?s={search_term_string}"},"query-input":{"@type":"PropertyValueSpecification","valueRequired":true,"valueName":"search_term_string"}}],"inLanguage":"de"},{"@type":"Organization","@id":"https:\/\/www.son-x.de\/#organization","name":"SON-X GMBH","url":"https:\/\/www.son-x.de\/","logo":{"@type":"ImageObject","inLanguage":"de","@id":"https:\/\/www.son-x.de\/#\/schema\/logo\/image\/","url":"https:\/\/www.son-x.de\/wp-content\/uploads\/2024\/03\/son-x_logo-90.png","contentUrl":"https:\/\/www.son-x.de\/wp-content\/uploads\/2024\/03\/son-x_logo-90.png","width":204,"height":90,"caption":"SON-X GMBH"},"image":{"@id":"https:\/\/www.son-x.de\/#\/schema\/logo\/image\/"},"sameAs":["https:\/\/www.linkedin.com\/company\/son-x\/"]}]}},"_links":{"self":[{"href":"https:\/\/www.son-x.de\/de\/wp-json\/wp\/v2\/pages\/808","targetHints":{"allow":["GET"]}}],"collection":[{"href":"https:\/\/www.son-x.de\/de\/wp-json\/wp\/v2\/pages"}],"about":[{"href":"https:\/\/www.son-x.de\/de\/wp-json\/wp\/v2\/types\/page"}],"author":[{"embeddable":true,"href":"https:\/\/www.son-x.de\/de\/wp-json\/wp\/v2\/users\/2"}],"replies":[{"embeddable":true,"href":"https:\/\/www.son-x.de\/de\/wp-json\/wp\/v2\/comments?post=808"}],"version-history":[{"count":20,"href":"https:\/\/www.son-x.de\/de\/wp-json\/wp\/v2\/pages\/808\/revisions"}],"predecessor-version":[{"id":1118,"href":"https:\/\/www.son-x.de\/de\/wp-json\/wp\/v2\/pages\/808\/revisions\/1118"}],"wp:featuredmedia":[{"embeddable":true,"href":"https:\/\/www.son-x.de\/de\/wp-json\/wp\/v2\/media\/776"}],"wp:attachment":[{"href":"https:\/\/www.son-x.de\/de\/wp-json\/wp\/v2\/media?parent=808"}],"curies":[{"name":"wp","href":"https:\/\/api.w.org\/{rel}","templated":true}]}}