{"id":739,"date":"2024-03-28T14:14:59","date_gmt":"2024-03-28T13:14:59","guid":{"rendered":"https:\/\/www.son-x.de\/impressum\/"},"modified":"2025-11-14T09:06:31","modified_gmt":"2025-11-14T08:06:31","slug":"impressum","status":"publish","type":"page","link":"https:\/\/www.son-x.de\/de\/impressum\/","title":{"rendered":"Impressum"},"content":{"rendered":"<div class=\"wpb-content-wrapper\"><p>[vc_row css_animation=&#8220;&#8220; row_type=&#8220;row&#8220; use_row_as_full_screen_section=&#8220;no&#8220; type=&#8220;grid&#8220; angled_section=&#8220;no&#8220; text_align=&#8220;left&#8220; background_image_as_pattern=&#8220;without_pattern&#8220; z_index=&#8220;&#8220; el_class=&#8220;border-bottom-1-blue padding-bottom-50 padding-top-50&#8243;][vc_column][vc_column_text el_class=&#8220;white padding-bottom-50&#8243;]<\/p>\n<h1>Impressum<\/h1>\n<p>[\/vc_column_text][vc_column_text css=&#8220;&#8220; el_class=&#8220;white&#8220;]<strong>Edmund Optics son-x GmbH<\/strong>[\/vc_column_text][vc_row_inner row_type=&#8220;row&#8220; type=&#8220;full_width&#8220; text_align=&#8220;left&#8220; css_animation=&#8220;&#8220; el_class=&#8220;padding-bottom-100&#8243;][vc_column_inner width=&#8220;1\/2&#8243; offset=&#8220;vc_col-xs-12&#8243;][vc_column_text css=&#8220;&#8220; el_class=&#8220;padding-bottom-50&#8243;]Gewerbepark Brand 15<br \/>\nD-52078 Aachen<br \/>\nGermany<\/p>\n<p>Telefon +49 241 927800-10<br \/>\nFax +49 241 241 927800-99<\/p>\n<p>Vertreten durch:<br \/>\nDr. Olaf Dambon, Marisa Edmund, Jeanne Davie<\/p>\n<p>Handelsregister: HRB 28405<br \/>\nRegistergericht: Amtsgericht Aachen<br \/>\nSteuer-Nr. 201\/5955\/5352<br \/>\nUmsatzsteuer-Identifikationsnr. DE452152687[\/vc_column_text][\/vc_column_inner][vc_column_inner width=&#8220;1\/2&#8243;][vc_column_text css=&#8220;&#8220; el_class=&#8220;padding-bottom-50&#8243;]<strong>Design, Fotografie &amp; 3D:<\/strong><br \/>\n<a href=\"http:\/\/www.crosscreative.de\/\" target=\"_blank\" rel=\"noopener noreferrer\">crosscreative<\/a> \u2013 Designstudio<\/p>\n<p><strong><br \/>\nVerbraucher\u00adstreit\u00adbeilegung\/<br \/>\nUniversal\u00adschlichtungs\u00adstelle<br \/>\n<\/strong>Wir sind nicht bereit oder verpflichtet, an Streitbeilegungsverfahren vor einer Verbraucherschlichtungsstelle teilzunehmen.[\/vc_column_text][\/vc_column_inner][\/vc_row_inner][vc_row_inner row_type=&#8220;row&#8220; type=&#8220;full_width&#8220; text_align=&#8220;left&#8220; css_animation=&#8220;&#8220; el_id=&#8220;unsichtbar&#8220; el_class=&#8220;unsichtbar&#8220;][vc_column_inner offset=&#8220;vc_col-xs-12&#8243;]<div class=\"qode-accordion-holder clearfix qode-accordion qode-initial \">\n\t<h3 class=\"clearfix qode-title-holder\">\n<span class=\"qode-tab-title\">\n\t\t\t<span class=\"qode-tab-title-icon\">\n\t\t\t<i class=\"qode_icon_font_awesome fa fa-arrow-right \" ><\/i>\t\t<\/span>\n\t    <span class=\"qode-tab-title-inner\">\n        HAFTUNGSAUSSCHLUSS    <\/span>\n<\/span>\n<span class=\"qode-accordion-mark\">\n    <span class=\"qode-accordion-mark-icon\">\n        <span class=\"icon_plus\"><\/span>\n        <span class=\"icon_minus-06\"><\/span>\n    <\/span>\n<\/span>\n<\/h3>\n<div  class=\"qode-accordion-content qode-acc-title-with-icon\" >\n    <div class=\"qode-accordion-content-inner\">\n        [vc_column_text](1) Haftungsbeschr\u00e4nkung Inhalte dieser Website Die Inhalte dieser Website werden mit gr\u00f6\u00dftm\u00f6glicher Sorgfalt erstellt. Der Anbieter \u00fcbernimmt jedoch keine Gew\u00e4hr f\u00fcr die Richtigkeit, Vollst\u00e4digkeit und Aktualit\u00e4t der bereitgestellten Inhalte. Die Nutzung der abrufbaren Inhalte erfolgt auf eigene Gefahr des Nutzers. Verf\u00fcgbarkeit der Website Der Anbieter wird sich bem\u00fchen, den Dienst m\u00f6glichst unterbrechungsfrei zum Abruf anzubieten. Auch bei aller Sorgfalt k\u00f6nnen aber Ausfallzeiten nicht ausgeschlossen werden. Der Anbieter beh\u00e4lt sich das Recht vor, sein Angebot jederzeit zu \u00e4ndern oder einzustellen. Externe Links Diese Website enth\u00e4lt Verkn\u00fcpfungen zu Websites Dritter (\u201eexterne Links\u201c). Diese Websites unterliegen der Haftung der jeweiligen Betreiber. Der Anbieter hat beider erstmaligen Verkn\u00fcpfung der externen Links die fremden Inhalte daraufhin \u00fcberpr\u00fcft, ob etwaige Rechtsverst\u00f6\u00dfe bestehen. Zu dem Zeitpunkt waren keine Rechtsverst\u00f6\u00dfe ersichtlich. Der Anbieter hat keinerlei Einfluss auf die aktuelle und zuk\u00fcnftige Gestaltung und auf die Inhalte der verkn\u00fcpften Seiten. Das Setzen von externen Links bedeutet nicht, dass sich der Anbieter die hinter dem Verweis oder Link liegenden Inhalte zu Eigen macht. Eine st\u00e4ndige Kontrolle dieser externen Links ist f\u00fcr den Anbieter ohne konkrete Hinweise auf Rechtsverst\u00f6\u00dfe nicht zumutbar. Bei Kenntnis von Rechtsverst\u00f6\u00dfen werden jedoch derartige externe Links unverz\u00fcglich gel\u00f6scht Kein Vertragsverh\u00e4ltnis Mit der Nutzung der Website des Anbieters kommt keinerlei Vertragsverh\u00e4ltnis zwischen dem Nutzer und dem Anbieter zustande. Insofern ergeben sich auch keinerlei vertragliche oder quasivertragliche Anspr\u00fcche gegen den Anbieter. F\u00fcr den Fall, dass die Nutzung der Website doch zu einem Vertragsverh\u00e4ltnis f\u00fchren sollte, gilt rein vorsorglich nachfolgende Haftungsbeschr\u00e4nkung: Der Anbieter haftet f\u00fcr Vorsatz und grobe Fahrl\u00e4ssigkeit sowie bei Verletzung einer wesentlichen Vertragspflicht (Kardinalpflicht). Der Anbieter haftet unter Begrenzung auf Ersatz des bei Vertragsschluss vorhersehbaren vertragstypischen Schadens f\u00fcr solche Sch\u00e4den, die auf einer leicht fahrl\u00e4ssigen Verletzung von Kardinalpflichten durch ihn oder eines seiner gesetzlichen Vertreter oder Erf\u00fclungsgehilfen beruhen. Bei leicht fahrl\u00e4ssiger Verletzung von Nebenpflichten, die keine Kardinalpflichten sind, haftet der Anbieter nicht. Die Haftung f\u00fcr Sch\u00e4den, die in den Schutzbereich einer vom Anbieter gegebenen Garantie oder Zusicherung fallen sowie die Haftung f\u00fcr Anspr\u00fcche aufgrund des Produkthaftungsgesetzes und Sch\u00e4den aus der Verletzung des Lebens, des K\u00f6rpers oder der Gesundheit bleibt hiervon unber\u00fchrt.<\/p>\n<p>(2) Urheberrecht Die auf dieser Website ver\u00f6ffentlichten Inhalte und Werke sind urheberrechtlich gesch\u00fctzt. Jede vom deutschen Urheberrecht nicht zugelassene Verwertung bedarf der vorherigen schriftlichen Zustimmung des jeweiligen Autors oder Urhebers. Dies gilt insbesondere f\u00fcr Vervielf\u00e4ltigung, Bearbeitung, \u00dcbersetzung, Einspeicherung, Verarbeitung bzw. Wiedergabe von Inhalten in Datenbanken oder anderen elektronischen Medien und Systemen. Inhalte und Beitr\u00e4ge Dritter sind dabei als solche gekennzeichnet. Die unerlaubte Vervielf\u00e4ltigung oder Weitergabe einzelner Inhalte oder kompletter Seiten ist nicht gestattet und strafbar. Lediglich die Herstellung von Kopien und Downloads f\u00fcr den pers\u00f6nlichen, privaten und nicht kommerziellen Gebrauch ist erlaubt. Links zur Website des Anbieters sind jederzeit willkommen und bed\u00fcrfen keiner Zustimmung durch den Anbieter der Website. Die Darstellung dieser Website in fremden Frames ist nur mit Erlaubnis zul\u00e4ssig.<\/p>\n<p>(3) Datenschutz Durch den Besuch der Website des Anbieters k\u00f6nnen Informationen \u00fcber den Zugriff (Datum, Uhrzeit, betrachtete Seite) auf dem Server gespeichert werden. Diese Daten geh\u00f6ren nicht zu den personenbezogenen Daten, sondern sind anonymisiert. Sie werden ausschlie\u00dflich zu statistischen Zwecken ausgewertet. Eine Weitergabe an Dritte, zu kommerziellen oder nichtkommerziellen Zwecken, findet nicht statt. Des Weiteren k\u00f6nnen Daten auf dem Computer der Websitenutzer gespeichert werden. Diese Daten nennt man \u201eCookie\u201c, die dazu dienen, das Zugriffsverhalten der Nutzer zu vereinfachen. Der Nutzer hat jedoch die M\u00f6glichkeit, diese Funktion innerhalb des jeweiligen Webbrowsers zu deaktivieren. In diesem Fall kann es jedoch zu Einschr\u00e4nkungen der Bedienbarkeit unserer Website kommen. Der Anbieter weist ausdr\u00fccklich darauf hin, dass die Daten\u00fcbertragung im Internet (z.B. bei der Kommunikation per E-Mail) Sicherheitsl\u00fccken aufweisen und nicht l\u00fcckenlos vor dem Zugriff durch Dritte gesch\u00fctzt werden kann. Die Verwendung der Kontaktdaten der Anbieterkennzeichnung \u2013 insbesondere der Telefon-\/Faxnummern und E-Mailadresse \u2013 zur gewerblichen Werbung ist ausdr\u00fccklich nicht erw\u00fcnscht, es sei denn der Anbieter hatte zuvor seine schriftliche Einwilligung erteilt oder es besteht bereits ein gesch\u00e4ftlicher Kontakt. Der Anbieter und alle auf dieser Website genannten Personen widersprechen hiermit jeder kommerziellen Verwendung und Weitergabe ihrer Daten.<\/p>\n<p>(4) Anwendbares Recht Es gilt ausschlie\u00dflich das ma\u00dfgebliche Recht der Bundesrepublik Deutschland.<br \/>\nQuelle: Disclaimer von Juraforum.de \u2013 Portal f\u00fcr Recht. Haftungsausschluss[\/vc_column_text]    <\/div>\n<\/div><h3 class=\"clearfix qode-title-holder\">\n<span class=\"qode-tab-title\">\n\t\t\t<span class=\"qode-tab-title-icon\">\n\t\t\t<i class=\"qode_icon_font_awesome fa fa-arrow-right \" ><\/i>\t\t<\/span>\n\t    <span class=\"qode-tab-title-inner\">\n        DATENSCHUTZERKL\u00c4RUNG    <\/span>\n<\/span>\n<span class=\"qode-accordion-mark\">\n    <span class=\"qode-accordion-mark-icon\">\n        <span class=\"icon_plus\"><\/span>\n        <span class=\"icon_minus-06\"><\/span>\n    <\/span>\n<\/span>\n<\/h3>\n<div  class=\"qode-accordion-content qode-acc-title-with-icon\" >\n    <div class=\"qode-accordion-content-inner\">\n        [vc_column_text]Diese Website benutzt Google Analytics, einen Webanalysedienst der Google Inc. (\u201eGoogle\u201c). Google Analytics verwendet sog. \u201eCookies\u201c, Textdateien, die auf Ihrem Computer gespeichert werden und die eine Analyse der Benutzung der Website durch Sie erm\u00f6glichen. Die durch den Cookie erzeugten Informationen \u00fcber Ihre Benutzung dieser Website werden in der Regel an einen Server von Google in den USA \u00fcbertragen und dort gespeichert.<\/p>\n<p>Im Falle der Aktivierung der IP-Anonymisierung auf dieser Webseite, wird Ihre IP-Adresse von Google jedoch innerhalb von Mitgliedstaaten der Europ\u00e4ischen Union oder in anderen Vertragsstaaten des Abkommens \u00fcber den Europ\u00e4ischen Wirtschaftsraum zuvor gek\u00fcrzt. Nur in Ausnahmef\u00e4llen wird die volle IP-Adresse an einen Server von Google in den USA \u00fcbertragen und dort gek\u00fcrzt. Die IP-Anonymisierung ist auf dieser Website aktiv. Im Auftrag des Betreibers dieser Website wird Google diese Informationen benutzen, um Ihre Nutzung der Website auszuwerten, um Reports \u00fcber die Websiteaktivit\u00e4ten zusammenzustellen und um weitere mit der Websitenutzung und der Internetnutzung verbundene Dienstleistungen gegen\u00fcber dem Websitebetreiber zu erbringen.<\/p>\n<p>Die im Rahmen von Google Analytics von Ihrem Browser \u00fcbermittelte IP-Adresse wird nicht mit anderen Daten von Google zusammengef\u00fchrt. Sie k\u00f6nnen die Speicherung der Cookies durch eine entsprechende Einstellung Ihrer Browser-Software verhindern; wir weisen Sie jedoch darauf hin, dass Sie in diesem Fall gegebenenfalls nicht s\u00e4mtliche Funktionen dieser Website vollumf\u00e4nglich werden nutzen k\u00f6nnen. Sie k\u00f6nnen dar\u00fcber hinaus die Erfassung der durch das Cookie erzeugten und auf Ihre Nutzung der Website bezogenen Daten (inkl. Ihrer IP-Adresse) an Google sowie die Verarbeitung dieser Daten durch Google verhindern, indem sie das unter dem folgenden Link verf\u00fcgbare Browser-Plugin herunterladen und installieren: http:\/\/tools.google.com\/dlpage\/gaoptout?hl=de.<\/p>\n<p>Alternativ zum Browser-Add-On oder innerhalb von Browsern auf mobilen Ger\u00e4ten, klicken Sie bitte diesen Link, um die Erfassung durch Google Analytics innerhalb dieser Website zuk\u00fcnftig zu verhindern (das Opt Out funktioniert nur in dem Browser und nur f\u00fcr diese Domain). Dabei wird ein Opt-Out-Cookie auf Ihrem Ger\u00e4t abgelegt. L\u00f6schen Sie Ihre Cookies in diesem Browser, m\u00fcssen Sie diesen Link erneut klicken.<\/p>\n<p>Quelle: http:\/\/rechtsanwalt-schwenke.de\/google-analytics-rechtssicher-nutzen-anleitung-fuer-webmaster\/[\/vc_column_text]    <\/div>\n<\/div><\/div>[\/vc_column_inner][\/vc_row_inner][\/vc_column][\/vc_row]<\/p>\n<\/div>","protected":false},"excerpt":{"rendered":"<p>[vc_row css_animation=&#8220;&#8220; row_type=&#8220;row&#8220; use_row_as_full_screen_section=&#8220;no&#8220; type=&#8220;grid&#8220; angled_section=&#8220;no&#8220; text_align=&#8220;left&#8220; background_image_as_pattern=&#8220;without_pattern&#8220; z_index=&#8220;&#8220; el_class=&#8220;border-bottom-1-blue padding-bottom-50 padding-top-50&#8243;][vc_column][vc_column_text el_class=&#8220;white padding-bottom-50&#8243;] Impressum [\/vc_column_text][vc_column_text css=&#8220;&#8220; el_class=&#8220;white&#8220;]Edmund Optics son-x GmbH[\/vc_column_text][vc_row_inner row_type=&#8220;row&#8220; type=&#8220;full_width&#8220; text_align=&#8220;left&#8220; css_animation=&#8220;&#8220; el_class=&#8220;padding-bottom-100&#8243;][vc_column_inner width=&#8220;1\/2&#8243; offset=&#8220;vc_col-xs-12&#8243;][vc_column_text css=&#8220;&#8220; el_class=&#8220;padding-bottom-50&#8243;]Gewerbepark Brand 15 D-52078 Aachen Germany Telefon +49 241 927800-10 Fax +49 241 241 927800-99 Vertreten&#8230;<\/p>\n","protected":false},"author":2,"featured_media":776,"parent":0,"menu_order":100,"comment_status":"closed","ping_status":"closed","template":"full_width.php","meta":{"footnotes":""},"class_list":["post-739","page","type-page","status-publish","has-post-thumbnail","hentry"],"yoast_head":"<!-- This site is optimized with the Yoast SEO plugin v24.9 - https:\/\/yoast.com\/wordpress\/plugins\/seo\/ -->\n<title>Impressum - son-x<\/title>\n<meta name=\"robots\" content=\"index, follow, max-snippet:-1, max-image-preview:large, max-video-preview:-1\" \/>\n<link rel=\"canonical\" href=\"https:\/\/www.son-x.de\/de\/impressum\/\" \/>\n<meta property=\"og:locale\" content=\"de_DE\" \/>\n<meta property=\"og:type\" content=\"article\" \/>\n<meta property=\"og:title\" content=\"Impressum - son-x\" \/>\n<meta property=\"og:description\" content=\"[vc_row css_animation=&#8220;&#8220; row_type=&#8220;row&#8220; use_row_as_full_screen_section=&#8220;no&#8220; type=&#8220;grid&#8220; angled_section=&#8220;no&#8220; text_align=&#8220;left&#8220; background_image_as_pattern=&#8220;without_pattern&#8220; z_index=&#8220;&#8220; el_class=&#8220;border-bottom-1-blue padding-bottom-50 padding-top-50&#8243;][vc_column][vc_column_text el_class=&#8220;white padding-bottom-50&#8243;] Impressum [\/vc_column_text][vc_column_text css=&#8220;&#8220; el_class=&#8220;white&#8220;]Edmund Optics son-x GmbH[\/vc_column_text][vc_row_inner row_type=&#8220;row&#8220; type=&#8220;full_width&#8220; text_align=&#8220;left&#8220; css_animation=&#8220;&#8220; el_class=&#8220;padding-bottom-100&#8243;][vc_column_inner width=&#8220;1\/2&#8243; offset=&#8220;vc_col-xs-12&#8243;][vc_column_text css=&#8220;&#8220; el_class=&#8220;padding-bottom-50&#8243;]Gewerbepark Brand 15 D-52078 Aachen Germany Telefon +49 241 927800-10 Fax +49 241 241 927800-99 Vertreten...\" \/>\n<meta property=\"og:url\" content=\"https:\/\/www.son-x.de\/de\/impressum\/\" \/>\n<meta property=\"og:site_name\" content=\"son-x\" \/>\n<meta property=\"article:modified_time\" content=\"2025-11-14T08:06:31+00:00\" \/>\n<meta property=\"og:image\" content=\"https:\/\/www.son-x.de\/wp-content\/uploads\/2021\/04\/ls-slider-8-slide-2-1.jpg\" \/>\n\t<meta property=\"og:image:width\" content=\"1400\" \/>\n\t<meta property=\"og:image:height\" content=\"700\" \/>\n\t<meta property=\"og:image:type\" content=\"image\/jpeg\" \/>\n<meta name=\"twitter:card\" content=\"summary_large_image\" \/>\n<meta name=\"twitter:label1\" content=\"Gesch\u00e4tzte Lesezeit\" \/>\n\t<meta name=\"twitter:data1\" content=\"5\u00a0Minuten\" \/>\n<script type=\"application\/ld+json\" class=\"yoast-schema-graph\">{\"@context\":\"https:\/\/schema.org\",\"@graph\":[{\"@type\":\"WebPage\",\"@id\":\"https:\/\/www.son-x.de\/de\/impressum\/\",\"url\":\"https:\/\/www.son-x.de\/de\/impressum\/\",\"name\":\"Impressum - son-x\",\"isPartOf\":{\"@id\":\"https:\/\/www.son-x.de\/#website\"},\"primaryImageOfPage\":{\"@id\":\"https:\/\/www.son-x.de\/de\/impressum\/#primaryimage\"},\"image\":{\"@id\":\"https:\/\/www.son-x.de\/de\/impressum\/#primaryimage\"},\"thumbnailUrl\":\"https:\/\/www.son-x.de\/wp-content\/uploads\/2021\/04\/ls-slider-8-slide-2-1.jpg\",\"datePublished\":\"2024-03-28T13:14:59+00:00\",\"dateModified\":\"2025-11-14T08:06:31+00:00\",\"breadcrumb\":{\"@id\":\"https:\/\/www.son-x.de\/de\/impressum\/#breadcrumb\"},\"inLanguage\":\"de\",\"potentialAction\":[{\"@type\":\"ReadAction\",\"target\":[\"https:\/\/www.son-x.de\/de\/impressum\/\"]}]},{\"@type\":\"ImageObject\",\"inLanguage\":\"de\",\"@id\":\"https:\/\/www.son-x.de\/de\/impressum\/#primaryimage\",\"url\":\"https:\/\/www.son-x.de\/wp-content\/uploads\/2021\/04\/ls-slider-8-slide-2-1.jpg\",\"contentUrl\":\"https:\/\/www.son-x.de\/wp-content\/uploads\/2021\/04\/ls-slider-8-slide-2-1.jpg\",\"width\":1400,\"height\":700,\"caption\":\"son-x headqaurtes\"},{\"@type\":\"BreadcrumbList\",\"@id\":\"https:\/\/www.son-x.de\/de\/impressum\/#breadcrumb\",\"itemListElement\":[{\"@type\":\"ListItem\",\"position\":1,\"name\":\"Home\",\"item\":\"https:\/\/www.son-x.de\/\"},{\"@type\":\"ListItem\",\"position\":2,\"name\":\"Impressum\"}]},{\"@type\":\"WebSite\",\"@id\":\"https:\/\/www.son-x.de\/#website\",\"url\":\"https:\/\/www.son-x.de\/\",\"name\":\"son-x\",\"description\":\"ultra precision machining\",\"publisher\":{\"@id\":\"https:\/\/www.son-x.de\/#organization\"},\"potentialAction\":[{\"@type\":\"SearchAction\",\"target\":{\"@type\":\"EntryPoint\",\"urlTemplate\":\"https:\/\/www.son-x.de\/?s={search_term_string}\"},\"query-input\":{\"@type\":\"PropertyValueSpecification\",\"valueRequired\":true,\"valueName\":\"search_term_string\"}}],\"inLanguage\":\"de\"},{\"@type\":\"Organization\",\"@id\":\"https:\/\/www.son-x.de\/#organization\",\"name\":\"SON-X GMBH\",\"url\":\"https:\/\/www.son-x.de\/\",\"logo\":{\"@type\":\"ImageObject\",\"inLanguage\":\"de\",\"@id\":\"https:\/\/www.son-x.de\/#\/schema\/logo\/image\/\",\"url\":\"https:\/\/www.son-x.de\/wp-content\/uploads\/2024\/03\/son-x_logo-90.png\",\"contentUrl\":\"https:\/\/www.son-x.de\/wp-content\/uploads\/2024\/03\/son-x_logo-90.png\",\"width\":204,\"height\":90,\"caption\":\"SON-X GMBH\"},\"image\":{\"@id\":\"https:\/\/www.son-x.de\/#\/schema\/logo\/image\/\"},\"sameAs\":[\"https:\/\/www.linkedin.com\/company\/son-x\/\"]}]}<\/script>\n<!-- \/ Yoast SEO plugin. -->","yoast_head_json":{"title":"Impressum - son-x","robots":{"index":"index","follow":"follow","max-snippet":"max-snippet:-1","max-image-preview":"max-image-preview:large","max-video-preview":"max-video-preview:-1"},"canonical":"https:\/\/www.son-x.de\/de\/impressum\/","og_locale":"de_DE","og_type":"article","og_title":"Impressum - son-x","og_description":"[vc_row css_animation=&#8220;&#8220; row_type=&#8220;row&#8220; use_row_as_full_screen_section=&#8220;no&#8220; type=&#8220;grid&#8220; angled_section=&#8220;no&#8220; text_align=&#8220;left&#8220; background_image_as_pattern=&#8220;without_pattern&#8220; z_index=&#8220;&#8220; el_class=&#8220;border-bottom-1-blue padding-bottom-50 padding-top-50&#8243;][vc_column][vc_column_text el_class=&#8220;white padding-bottom-50&#8243;] Impressum [\/vc_column_text][vc_column_text css=&#8220;&#8220; el_class=&#8220;white&#8220;]Edmund Optics son-x GmbH[\/vc_column_text][vc_row_inner row_type=&#8220;row&#8220; type=&#8220;full_width&#8220; text_align=&#8220;left&#8220; css_animation=&#8220;&#8220; el_class=&#8220;padding-bottom-100&#8243;][vc_column_inner width=&#8220;1\/2&#8243; offset=&#8220;vc_col-xs-12&#8243;][vc_column_text css=&#8220;&#8220; el_class=&#8220;padding-bottom-50&#8243;]Gewerbepark Brand 15 D-52078 Aachen Germany Telefon +49 241 927800-10 Fax +49 241 241 927800-99 Vertreten...","og_url":"https:\/\/www.son-x.de\/de\/impressum\/","og_site_name":"son-x","article_modified_time":"2025-11-14T08:06:31+00:00","og_image":[{"width":1400,"height":700,"url":"https:\/\/www.son-x.de\/wp-content\/uploads\/2021\/04\/ls-slider-8-slide-2-1.jpg","type":"image\/jpeg"}],"twitter_card":"summary_large_image","twitter_misc":{"Gesch\u00e4tzte Lesezeit":"5\u00a0Minuten"},"schema":{"@context":"https:\/\/schema.org","@graph":[{"@type":"WebPage","@id":"https:\/\/www.son-x.de\/de\/impressum\/","url":"https:\/\/www.son-x.de\/de\/impressum\/","name":"Impressum - son-x","isPartOf":{"@id":"https:\/\/www.son-x.de\/#website"},"primaryImageOfPage":{"@id":"https:\/\/www.son-x.de\/de\/impressum\/#primaryimage"},"image":{"@id":"https:\/\/www.son-x.de\/de\/impressum\/#primaryimage"},"thumbnailUrl":"https:\/\/www.son-x.de\/wp-content\/uploads\/2021\/04\/ls-slider-8-slide-2-1.jpg","datePublished":"2024-03-28T13:14:59+00:00","dateModified":"2025-11-14T08:06:31+00:00","breadcrumb":{"@id":"https:\/\/www.son-x.de\/de\/impressum\/#breadcrumb"},"inLanguage":"de","potentialAction":[{"@type":"ReadAction","target":["https:\/\/www.son-x.de\/de\/impressum\/"]}]},{"@type":"ImageObject","inLanguage":"de","@id":"https:\/\/www.son-x.de\/de\/impressum\/#primaryimage","url":"https:\/\/www.son-x.de\/wp-content\/uploads\/2021\/04\/ls-slider-8-slide-2-1.jpg","contentUrl":"https:\/\/www.son-x.de\/wp-content\/uploads\/2021\/04\/ls-slider-8-slide-2-1.jpg","width":1400,"height":700,"caption":"son-x headqaurtes"},{"@type":"BreadcrumbList","@id":"https:\/\/www.son-x.de\/de\/impressum\/#breadcrumb","itemListElement":[{"@type":"ListItem","position":1,"name":"Home","item":"https:\/\/www.son-x.de\/"},{"@type":"ListItem","position":2,"name":"Impressum"}]},{"@type":"WebSite","@id":"https:\/\/www.son-x.de\/#website","url":"https:\/\/www.son-x.de\/","name":"son-x","description":"ultra precision machining","publisher":{"@id":"https:\/\/www.son-x.de\/#organization"},"potentialAction":[{"@type":"SearchAction","target":{"@type":"EntryPoint","urlTemplate":"https:\/\/www.son-x.de\/?s={search_term_string}"},"query-input":{"@type":"PropertyValueSpecification","valueRequired":true,"valueName":"search_term_string"}}],"inLanguage":"de"},{"@type":"Organization","@id":"https:\/\/www.son-x.de\/#organization","name":"SON-X GMBH","url":"https:\/\/www.son-x.de\/","logo":{"@type":"ImageObject","inLanguage":"de","@id":"https:\/\/www.son-x.de\/#\/schema\/logo\/image\/","url":"https:\/\/www.son-x.de\/wp-content\/uploads\/2024\/03\/son-x_logo-90.png","contentUrl":"https:\/\/www.son-x.de\/wp-content\/uploads\/2024\/03\/son-x_logo-90.png","width":204,"height":90,"caption":"SON-X GMBH"},"image":{"@id":"https:\/\/www.son-x.de\/#\/schema\/logo\/image\/"},"sameAs":["https:\/\/www.linkedin.com\/company\/son-x\/"]}]}},"_links":{"self":[{"href":"https:\/\/www.son-x.de\/de\/wp-json\/wp\/v2\/pages\/739","targetHints":{"allow":["GET"]}}],"collection":[{"href":"https:\/\/www.son-x.de\/de\/wp-json\/wp\/v2\/pages"}],"about":[{"href":"https:\/\/www.son-x.de\/de\/wp-json\/wp\/v2\/types\/page"}],"author":[{"embeddable":true,"href":"https:\/\/www.son-x.de\/de\/wp-json\/wp\/v2\/users\/2"}],"replies":[{"embeddable":true,"href":"https:\/\/www.son-x.de\/de\/wp-json\/wp\/v2\/comments?post=739"}],"version-history":[{"count":12,"href":"https:\/\/www.son-x.de\/de\/wp-json\/wp\/v2\/pages\/739\/revisions"}],"predecessor-version":[{"id":1134,"href":"https:\/\/www.son-x.de\/de\/wp-json\/wp\/v2\/pages\/739\/revisions\/1134"}],"wp:featuredmedia":[{"embeddable":true,"href":"https:\/\/www.son-x.de\/de\/wp-json\/wp\/v2\/media\/776"}],"wp:attachment":[{"href":"https:\/\/www.son-x.de\/de\/wp-json\/wp\/v2\/media?parent=739"}],"curies":[{"name":"wp","href":"https:\/\/api.w.org\/{rel}","templated":true}]}}